{"id":453,"date":"2017-12-02T12:50:45","date_gmt":"2017-12-02T11:50:45","guid":{"rendered":"https:\/\/bingiateris.com\/?page_id=453"},"modified":"2017-12-04T15:30:03","modified_gmt":"2017-12-04T14:30:03","slug":"la-cantina","status":"publish","type":"page","link":"https:\/\/www.bingiateris.com\/de\/la-cantina\/","title":{"rendered":"Das Weingut"},"content":{"rendered":"<p>[et_pb_section bb_built=&#8220;1&#8243; fullwidth=&#8220;on&#8220; _builder_version=&#8220;3.0.89&#8243; custom_padding=&#8220;0px|0px|0px|0px&#8220;][et_pb_fullwidth_slider show_arrows=&#8220;on&#8220; show_pagination=&#8220;on&#8220; _builder_version=&#8220;3.0.89&#8243; show_inner_shadow=&#8220;on&#8220; custom_button=&#8220;off&#8220; button_icon_placement=&#8220;right&#8220; show_content_on_mobile=&#8220;on&#8220; show_cta_on_mobile=&#8220;on&#8220; show_image_video_mobile=&#8220;off&#8220; auto=&#8220;on&#8220;]<\/p>\n<p>[et_pb_slide use_bg_overlay=&#8220;off&#8220; use_text_overlay=&#8220;off&#8220; background_layout=&#8220;light&#8220; _builder_version=&#8220;3.0.89&#8243; header_text_color=&#8220;#000000&#8243; header_text_shadow_style=&#8220;preset1&#8243; background_image=&#8220;https:\/\/bingiateris.com\/wp-content\/uploads\/2017\/12\/Cantina1_soci.jpg&#8220; background_position=&#8220;center&#8220; text_shadow_style=&#8220;preset1&#8243; use_background_color_gradient=&#8220;off&#8220; background_color_gradient_start=&#8220;#2b87da&#8220; background_color_gradient_end=&#8220;#29c4a9&#8243; background_color_gradient_type=&#8220;linear&#8220; background_color_gradient_direction=&#8220;180deg&#8220; background_color_gradient_direction_radial=&#8220;center&#8220; background_color_gradient_start_position=&#8220;0%&#8220; background_color_gradient_end_position=&#8220;100%&#8220; background_color_gradient_overlays_image=&#8220;off&#8220; parallax=&#8220;off&#8220; parallax_method=&#8220;on&#8220; background_size=&#8220;cover&#8220; background_repeat=&#8220;no-repeat&#8220; background_blend=&#8220;normal&#8220; allow_player_pause=&#8220;off&#8220; text_border_radius=&#8220;3&#8243; alignment=&#8220;center&#8220; text_shadow_horizontal_length=&#8220;0em&#8220; text_shadow_vertical_length=&#8220;0.1em&#8220; text_shadow_blur_strength=&#8220;0.1em&#8220; header_text_shadow_horizontal_length=&#8220;0em&#8220; header_text_shadow_vertical_length=&#8220;0.1em&#8220; header_text_shadow_blur_strength=&#8220;0.1em&#8220; header_text_align=&#8220;center&#8220;]<\/p>\n<p>&nbsp;<\/p>\n<p><img loading=\"lazy\" decoding=\"async\" class=\"alignnone size-full wp-image-106\" src=\"https:\/\/bingiateris.com\/wp-content\/uploads\/2017\/11\/trasparente00x100.png\" alt=\"\" width=\"100\" height=\"400\"><\/p>\n<p>[\/et_pb_slide][et_pb_slide use_bg_overlay=&#8220;off&#8220; use_text_overlay=&#8220;off&#8220; background_layout=&#8220;light&#8220; _builder_version=&#8220;3.0.89&#8243; header_text_color=&#8220;#000000&#8243; header_text_shadow_style=&#8220;preset1&#8243; background_image=&#8220;https:\/\/bingiateris.com\/wp-content\/uploads\/2017\/12\/Cantina2_botti.jpg&#8220; background_position=&#8220;center&#8220; text_shadow_style=&#8220;preset1&#8243; use_background_color_gradient=&#8220;off&#8220; background_color_gradient_start=&#8220;#2b87da&#8220; background_color_gradient_end=&#8220;#29c4a9&#8243; background_color_gradient_type=&#8220;linear&#8220; background_color_gradient_direction=&#8220;180deg&#8220; background_color_gradient_direction_radial=&#8220;center&#8220; background_color_gradient_start_position=&#8220;0%&#8220; background_color_gradient_end_position=&#8220;100%&#8220; background_color_gradient_overlays_image=&#8220;off&#8220; parallax=&#8220;off&#8220; parallax_method=&#8220;on&#8220; background_size=&#8220;cover&#8220; background_repeat=&#8220;no-repeat&#8220; background_blend=&#8220;normal&#8220; allow_player_pause=&#8220;off&#8220; text_border_radius=&#8220;3&#8243; alignment=&#8220;center&#8220; text_shadow_horizontal_length=&#8220;0em&#8220; text_shadow_vertical_length=&#8220;0.1em&#8220; text_shadow_blur_strength=&#8220;0.1em&#8220; header_text_shadow_horizontal_length=&#8220;0em&#8220; header_text_shadow_vertical_length=&#8220;0.1em&#8220; header_text_shadow_blur_strength=&#8220;0.1em&#8220; header_text_align=&#8220;center&#8220;]<\/p>\n<p>&nbsp;<\/p>\n<p><img loading=\"lazy\" decoding=\"async\" class=\"alignnone size-full wp-image-106\" src=\"https:\/\/bingiateris.com\/wp-content\/uploads\/2017\/11\/trasparente00x100.png\" alt=\"\" width=\"100\" height=\"400\"><\/p>\n<p>[\/et_pb_slide]<\/p>\n<p>[\/et_pb_fullwidth_slider][\/et_pb_section][et_pb_section bb_built=&#8220;1&#8243; background_color=&#8220;#bcbdc0&#8243; _builder_version=&#8220;3.0.89&#8243; custom_padding=&#8220;54px|0px|18px|0px&#8220; background_image=&#8220;https:\/\/bingiateris.com\/wp-content\/uploads\/2017\/12\/texture_bingiateris.png&#8220; background_size=&#8220;initial&#8220; background_repeat=&#8220;repeat&#8220;][et_pb_row make_fullwidth=&#8220;on&#8220; _builder_version=&#8220;3.0.89&#8243;][et_pb_column type=&#8220;1_2&#8243;][et_pb_text _builder_version=&#8220;3.0.89&#8243;]<\/p>\n<h4><strong>Das Weingut<\/strong>.<\/h4>\n<p>Das Weingut Bingiateris begann mit Zyklen von Mikrovinifikation, bei denen mit verschiedenen agronomischen Techniken auf dem Weinberg und mit innovativen Bearbeitungsvorg\u00e4ngen im Weinkeller experimentiert wurde. Auf diese Weise erlangte man Kenntnis \u00fcber das optimale Anbaugebiet und die Bearbeitung im Weinkeller in einem produktiven Zyklus, der sich an den traditionellen Konzepten der absoluten Nat\u00fcrlichkeit und des Umweltbewusstseins orientiert. Das Ergebnis dieser Forschung f\u00fchrte dazu, dass Loll\u00f2re e Th\u00e0lei, die beiden von Bingiateris produzierten Weine, zu den besten Qualit\u00e4tsweinen der Mandrolisai geh\u00f6ren. Die Auszeichnungen, die diese beiden Weine bei nationalen \u00d6nologie-Wettbewerben erhielten, best\u00e4tigen die hohe Qualit\u00e4t, die dieses noch junge Weingut bietet.<\/p>\n<p>Im Keller wird nach dem Keltern die G\u00e4rung eingeleitet, wobei die Trauben f\u00fcr die Dauer von zehn Tagen zusammen mit den Schalen fermentieren. Nach der alkoholischen G\u00e4rung wird der Wein in Edelstahlf\u00e4sser zur malolaktischen G\u00e4rung umgef\u00fcllt. Danach wird er f\u00fcnfzehn bis achtzehn Monate lang zum Ausbau in franz\u00f6sischen Eichenf\u00e4ssern von 30 bis 10 hl gelagert. Die endg\u00fcltige Reifung erfolgt dann einige Monate lang in der Flasche.<\/p>\n<p>[\/et_pb_text][\/et_pb_column][et_pb_column type=&#8220;1_2&#8243;][et_pb_text _builder_version=&#8220;3.0.89&#8243; background_layout=&#8220;light&#8220;]<\/p>\n<h4><strong>Mitglieder von links nach rechts<\/strong>:<\/h4>\n<ul>\n<li>Tatti Antonello<\/li>\n<li>Carboni Mario<\/li>\n<li>Fadda Tonino<\/li>\n<li>Casula Mario<\/li>\n<li>Cau Riccardo<\/li>\n<li>Fadda Mondino<\/li>\n<li>Mascia Tonino<\/li>\n<\/ul>\n<p>[\/et_pb_text][\/et_pb_column][\/et_pb_row][\/et_pb_section][et_pb_section bb_built=&#8220;1&#8243; _builder_version=&#8220;3.0.89&#8243; background_image=&#8220;https:\/\/bingiateris.com\/wp-content\/uploads\/2017\/11\/texture.jpg&#8220; background_size=&#8220;initial&#8220; background_repeat=&#8220;repeat&#8220; custom_padding=&#8220;0px|0px|0px|0px&#8220;][et_pb_row make_fullwidth=&#8220;on&#8220; custom_width_px=&#8220;2600px&#8220; use_custom_gutter=&#8220;on&#8220; gutter_width=&#8220;1&#8243; custom_padding=&#8220;0px|0px|0px|0px&#8220; make_equal=&#8220;on&#8220; _builder_version=&#8220;3.0.89&#8243; background_image=&#8220;https:\/\/bingiateris.com\/wp-content\/uploads\/2017\/11\/texture.jpg&#8220; background_size=&#8220;initial&#8220; background_repeat=&#8220;repeat&#8220; module_alignment=&#8220;center&#8220;][et_pb_column type=&#8220;1_2&#8243;][et_pb_image src=&#8220;https:\/\/bingiateris.com\/wp-content\/uploads\/2017\/12\/cantina1_botti-.jpg&#8220; force_fullwidth=&#8220;on&#8220; _builder_version=&#8220;3.0.89&#8243; \/][\/et_pb_column][et_pb_column type=&#8220;1_2&#8243;][et_pb_image src=&#8220;https:\/\/bingiateris.com\/wp-content\/uploads\/2017\/12\/cantina2_Vite-.jpg&#8220; force_fullwidth=&#8220;on&#8220; _builder_version=&#8220;3.0.89&#8243; show_in_lightbox=&#8220;off&#8220; url_new_window=&#8220;off&#8220; use_overlay=&#8220;off&#8220; always_center_on_mobile=&#8220;on&#8220; show_bottom_space=&#8220;on&#8220; \/][\/et_pb_column][\/et_pb_row][et_pb_row make_fullwidth=&#8220;on&#8220; custom_width_px=&#8220;2600px&#8220; use_custom_gutter=&#8220;on&#8220; gutter_width=&#8220;1&#8243; custom_padding=&#8220;0px|0px|0px|0px&#8220; make_equal=&#8220;on&#8220; _builder_version=&#8220;3.0.89&#8243; background_image=&#8220;https:\/\/bingiateris.com\/wp-content\/uploads\/2017\/11\/texture.jpg&#8220; background_size=&#8220;initial&#8220; background_repeat=&#8220;repeat&#8220; module_alignment=&#8220;center&#8220;][et_pb_column type=&#8220;1_2&#8243;][et_pb_image src=&#8220;https:\/\/bingiateris.com\/wp-content\/uploads\/2017\/12\/cantina3_murales-.jpg&#8220; force_fullwidth=&#8220;on&#8220; _builder_version=&#8220;3.0.89&#8243; \/][\/et_pb_column][et_pb_column type=&#8220;1_2&#8243;][et_pb_image src=&#8220;https:\/\/bingiateris.com\/wp-content\/uploads\/2017\/12\/cantina4_botti-.jpg&#8220; force_fullwidth=&#8220;on&#8220; _builder_version=&#8220;3.0.89&#8243; show_in_lightbox=&#8220;off&#8220; url_new_window=&#8220;off&#8220; use_overlay=&#8220;off&#8220; always_center_on_mobile=&#8220;on&#8220; show_bottom_space=&#8220;on&#8220; \/][\/et_pb_column][\/et_pb_row][\/et_pb_section]<\/p>\n","protected":false},"excerpt":{"rendered":"<p>&nbsp; &nbsp; Das Weingut. Das Weingut Bingiateris begann mit Zyklen von Mikrovinifikation, bei denen mit verschiedenen agronomischen Techniken auf dem Weinberg und mit innovativen Bearbeitungsvorg\u00e4ngen im Weinkeller experimentiert wurde. Auf diese Weise erlangte man Kenntnis \u00fcber das optimale Anbaugebiet und die Bearbeitung im Weinkeller in einem produktiven Zyklus, der sich an den traditionellen Konzepten der [&hellip;]<\/p>\n","protected":false},"author":1,"featured_media":0,"parent":0,"menu_order":0,"comment_status":"closed","ping_status":"closed","template":"","meta":{"_et_pb_use_builder":"on","_et_pb_old_content":"","_et_gb_content_width":"","footnotes":""},"class_list":["post-453","page","type-page","status-publish","hentry"],"yoast_head":"<!-- This site is optimized with the Yoast SEO plugin v27.4 - https:\/\/yoast.com\/product\/yoast-seo-wordpress\/ -->\n<title>Das Weingut - Bingianteris<\/title>\n<meta name=\"robots\" content=\"index, follow, max-snippet:-1, max-image-preview:large, max-video-preview:-1\" \/>\n<link rel=\"canonical\" href=\"https:\/\/www.bingiateris.com\/de\/la-cantina\/\" \/>\n<meta property=\"og:locale\" content=\"de_DE\" \/>\n<meta property=\"og:type\" content=\"article\" \/>\n<meta property=\"og:title\" content=\"Das Weingut - Bingianteris\" \/>\n<meta property=\"og:description\" content=\"&nbsp; &nbsp; Das Weingut. Das Weingut Bingiateris begann mit Zyklen von Mikrovinifikation, bei denen mit verschiedenen agronomischen Techniken auf dem Weinberg und mit innovativen Bearbeitungsvorg\u00e4ngen im Weinkeller experimentiert wurde. Auf diese Weise erlangte man Kenntnis \u00fcber das optimale Anbaugebiet und die Bearbeitung im Weinkeller in einem produktiven Zyklus, der sich an den traditionellen Konzepten der [&hellip;]\" \/>\n<meta property=\"og:url\" content=\"https:\/\/www.bingiateris.com\/de\/la-cantina\/\" \/>\n<meta property=\"og:site_name\" content=\"Bingianteris\" \/>\n<meta property=\"article:modified_time\" content=\"2017-12-04T14:30:03+00:00\" \/>\n<meta property=\"og:image\" content=\"https:\/\/bingiateris.com\/wp-content\/uploads\/2017\/11\/trasparente00x100.png\" \/>\n<meta name=\"twitter:card\" content=\"summary_large_image\" \/>\n<meta name=\"twitter:label1\" content=\"Gesch\u00e4tzte Lesezeit\" \/>\n\t<meta name=\"twitter:data1\" content=\"5\u00a0Minuten\" \/>\n<script type=\"application\/ld+json\" class=\"yoast-schema-graph\">{\"@context\":\"https:\\\/\\\/schema.org\",\"@graph\":[{\"@type\":\"WebPage\",\"@id\":\"https:\\\/\\\/www.bingiateris.com\\\/de\\\/la-cantina\\\/\",\"url\":\"https:\\\/\\\/www.bingiateris.com\\\/de\\\/la-cantina\\\/\",\"name\":\"Das Weingut - Bingianteris\",\"isPartOf\":{\"@id\":\"https:\\\/\\\/www.bingiateris.com\\\/#website\"},\"primaryImageOfPage\":{\"@id\":\"https:\\\/\\\/www.bingiateris.com\\\/de\\\/la-cantina\\\/#primaryimage\"},\"image\":{\"@id\":\"https:\\\/\\\/www.bingiateris.com\\\/de\\\/la-cantina\\\/#primaryimage\"},\"thumbnailUrl\":\"https:\\\/\\\/bingiateris.com\\\/wp-content\\\/uploads\\\/2017\\\/11\\\/trasparente00x100.png\",\"datePublished\":\"2017-12-02T11:50:45+00:00\",\"dateModified\":\"2017-12-04T14:30:03+00:00\",\"breadcrumb\":{\"@id\":\"https:\\\/\\\/www.bingiateris.com\\\/de\\\/la-cantina\\\/#breadcrumb\"},\"inLanguage\":\"de\",\"potentialAction\":[{\"@type\":\"ReadAction\",\"target\":[\"https:\\\/\\\/www.bingiateris.com\\\/de\\\/la-cantina\\\/\"]}]},{\"@type\":\"ImageObject\",\"inLanguage\":\"de\",\"@id\":\"https:\\\/\\\/www.bingiateris.com\\\/de\\\/la-cantina\\\/#primaryimage\",\"url\":\"https:\\\/\\\/bingiateris.com\\\/wp-content\\\/uploads\\\/2017\\\/11\\\/trasparente00x100.png\",\"contentUrl\":\"https:\\\/\\\/bingiateris.com\\\/wp-content\\\/uploads\\\/2017\\\/11\\\/trasparente00x100.png\"},{\"@type\":\"BreadcrumbList\",\"@id\":\"https:\\\/\\\/www.bingiateris.com\\\/de\\\/la-cantina\\\/#breadcrumb\",\"itemListElement\":[{\"@type\":\"ListItem\",\"position\":1,\"name\":\"Home\",\"item\":\"http:\\\/\\\/www.bingiateris.com\\\/de\\\/\"},{\"@type\":\"ListItem\",\"position\":2,\"name\":\"Das Weingut\"}]},{\"@type\":\"WebSite\",\"@id\":\"https:\\\/\\\/www.bingiateris.com\\\/#website\",\"url\":\"https:\\\/\\\/www.bingiateris.com\\\/\",\"name\":\"Bingianteris\",\"description\":\"Alla ricerca del vino dei vini\",\"potentialAction\":[{\"@type\":\"SearchAction\",\"target\":{\"@type\":\"EntryPoint\",\"urlTemplate\":\"https:\\\/\\\/www.bingiateris.com\\\/?s={search_term_string}\"},\"query-input\":{\"@type\":\"PropertyValueSpecification\",\"valueRequired\":true,\"valueName\":\"search_term_string\"}}],\"inLanguage\":\"de\"}]}<\/script>\n<!-- \/ Yoast SEO plugin. -->","yoast_head_json":{"title":"Das Weingut - Bingianteris","robots":{"index":"index","follow":"follow","max-snippet":"max-snippet:-1","max-image-preview":"max-image-preview:large","max-video-preview":"max-video-preview:-1"},"canonical":"https:\/\/www.bingiateris.com\/de\/la-cantina\/","og_locale":"de_DE","og_type":"article","og_title":"Das Weingut - Bingianteris","og_description":"&nbsp; &nbsp; Das Weingut. Das Weingut Bingiateris begann mit Zyklen von Mikrovinifikation, bei denen mit verschiedenen agronomischen Techniken auf dem Weinberg und mit innovativen Bearbeitungsvorg\u00e4ngen im Weinkeller experimentiert wurde. Auf diese Weise erlangte man Kenntnis \u00fcber das optimale Anbaugebiet und die Bearbeitung im Weinkeller in einem produktiven Zyklus, der sich an den traditionellen Konzepten der [&hellip;]","og_url":"https:\/\/www.bingiateris.com\/de\/la-cantina\/","og_site_name":"Bingianteris","article_modified_time":"2017-12-04T14:30:03+00:00","og_image":[{"url":"https:\/\/bingiateris.com\/wp-content\/uploads\/2017\/11\/trasparente00x100.png","type":"","width":"","height":""}],"twitter_card":"summary_large_image","twitter_misc":{"Gesch\u00e4tzte Lesezeit":"5\u00a0Minuten"},"schema":{"@context":"https:\/\/schema.org","@graph":[{"@type":"WebPage","@id":"https:\/\/www.bingiateris.com\/de\/la-cantina\/","url":"https:\/\/www.bingiateris.com\/de\/la-cantina\/","name":"Das Weingut - Bingianteris","isPartOf":{"@id":"https:\/\/www.bingiateris.com\/#website"},"primaryImageOfPage":{"@id":"https:\/\/www.bingiateris.com\/de\/la-cantina\/#primaryimage"},"image":{"@id":"https:\/\/www.bingiateris.com\/de\/la-cantina\/#primaryimage"},"thumbnailUrl":"https:\/\/bingiateris.com\/wp-content\/uploads\/2017\/11\/trasparente00x100.png","datePublished":"2017-12-02T11:50:45+00:00","dateModified":"2017-12-04T14:30:03+00:00","breadcrumb":{"@id":"https:\/\/www.bingiateris.com\/de\/la-cantina\/#breadcrumb"},"inLanguage":"de","potentialAction":[{"@type":"ReadAction","target":["https:\/\/www.bingiateris.com\/de\/la-cantina\/"]}]},{"@type":"ImageObject","inLanguage":"de","@id":"https:\/\/www.bingiateris.com\/de\/la-cantina\/#primaryimage","url":"https:\/\/bingiateris.com\/wp-content\/uploads\/2017\/11\/trasparente00x100.png","contentUrl":"https:\/\/bingiateris.com\/wp-content\/uploads\/2017\/11\/trasparente00x100.png"},{"@type":"BreadcrumbList","@id":"https:\/\/www.bingiateris.com\/de\/la-cantina\/#breadcrumb","itemListElement":[{"@type":"ListItem","position":1,"name":"Home","item":"http:\/\/www.bingiateris.com\/de\/"},{"@type":"ListItem","position":2,"name":"Das Weingut"}]},{"@type":"WebSite","@id":"https:\/\/www.bingiateris.com\/#website","url":"https:\/\/www.bingiateris.com\/","name":"Bingianteris","description":"Alla ricerca del vino dei vini","potentialAction":[{"@type":"SearchAction","target":{"@type":"EntryPoint","urlTemplate":"https:\/\/www.bingiateris.com\/?s={search_term_string}"},"query-input":{"@type":"PropertyValueSpecification","valueRequired":true,"valueName":"search_term_string"}}],"inLanguage":"de"}]}},"_links":{"self":[{"href":"https:\/\/www.bingiateris.com\/de\/wp-json\/wp\/v2\/pages\/453","targetHints":{"allow":["GET"]}}],"collection":[{"href":"https:\/\/www.bingiateris.com\/de\/wp-json\/wp\/v2\/pages"}],"about":[{"href":"https:\/\/www.bingiateris.com\/de\/wp-json\/wp\/v2\/types\/page"}],"author":[{"embeddable":true,"href":"https:\/\/www.bingiateris.com\/de\/wp-json\/wp\/v2\/users\/1"}],"replies":[{"embeddable":true,"href":"https:\/\/www.bingiateris.com\/de\/wp-json\/wp\/v2\/comments?post=453"}],"version-history":[{"count":9,"href":"https:\/\/www.bingiateris.com\/de\/wp-json\/wp\/v2\/pages\/453\/revisions"}],"predecessor-version":[{"id":537,"href":"https:\/\/www.bingiateris.com\/de\/wp-json\/wp\/v2\/pages\/453\/revisions\/537"}],"wp:attachment":[{"href":"https:\/\/www.bingiateris.com\/de\/wp-json\/wp\/v2\/media?parent=453"}],"curies":[{"name":"wp","href":"https:\/\/api.w.org\/{rel}","templated":true}]}}