{"id":441,"date":"2017-11-29T11:09:35","date_gmt":"2017-11-29T10:09:35","guid":{"rendered":"https:\/\/bingiateris.com\/il-territorio\/"},"modified":"2017-12-02T18:22:08","modified_gmt":"2017-12-02T17:22:08","slug":"die-landschaft","status":"publish","type":"page","link":"https:\/\/www.bingiateris.com\/de\/die-landschaft\/","title":{"rendered":"Die Landschaft"},"content":{"rendered":"<p>[et_pb_section bb_built=&#8220;1&#8243; fullwidth=&#8220;on&#8220; _builder_version=&#8220;3.0.89&#8243; custom_padding=&#8220;0px|0px|0px|0px&#8220;][et_pb_fullwidth_slider show_arrows=&#8220;on&#8220; show_pagination=&#8220;on&#8220; _builder_version=&#8220;3.0.89&#8243; show_inner_shadow=&#8220;on&#8220; custom_button=&#8220;off&#8220; button_icon_placement=&#8220;right&#8220; show_content_on_mobile=&#8220;on&#8220; show_cta_on_mobile=&#8220;on&#8220; show_image_video_mobile=&#8220;off&#8220;]<\/p>\n<p>[et_pb_slide use_bg_overlay=&#8220;off&#8220; use_text_overlay=&#8220;off&#8220; background_layout=&#8220;light&#8220; _builder_version=&#8220;3.0.89&#8243; header_text_color=&#8220;#000000&#8243; header_text_shadow_style=&#8220;preset1&#8243; background_image=&#8220;https:\/\/bingiateris.com\/wp-content\/uploads\/2017\/12\/Territorio1_vigna.jpg&#8220; background_position=&#8220;center&#8220; text_shadow_style=&#8220;preset1&#8243; use_background_color_gradient=&#8220;off&#8220; background_color_gradient_start=&#8220;#2b87da&#8220; background_color_gradient_end=&#8220;#29c4a9&#8243; background_color_gradient_type=&#8220;linear&#8220; background_color_gradient_direction=&#8220;180deg&#8220; background_color_gradient_direction_radial=&#8220;center&#8220; background_color_gradient_start_position=&#8220;0%&#8220; background_color_gradient_end_position=&#8220;100%&#8220; background_color_gradient_overlays_image=&#8220;off&#8220; parallax=&#8220;off&#8220; parallax_method=&#8220;on&#8220; background_size=&#8220;cover&#8220; background_repeat=&#8220;no-repeat&#8220; background_blend=&#8220;normal&#8220; allow_player_pause=&#8220;off&#8220; text_border_radius=&#8220;3&#8243; alignment=&#8220;center&#8220; text_shadow_horizontal_length=&#8220;0em&#8220; text_shadow_vertical_length=&#8220;0.1em&#8220; text_shadow_blur_strength=&#8220;0.1em&#8220; header_text_shadow_horizontal_length=&#8220;0em&#8220; header_text_shadow_vertical_length=&#8220;0.1em&#8220; header_text_shadow_blur_strength=&#8220;0.1em&#8220;]<\/p>\n<p>&nbsp;<\/p>\n<p>&nbsp;<\/p>\n<p><img loading=\"lazy\" decoding=\"async\" class=\"alignnone size-full wp-image-106\" src=\"https:\/\/bingiateris.com\/wp-content\/uploads\/2017\/11\/trasparente00x100.png\" alt=\"\" width=\"100\" height=\"100\" \/><\/p>\n<p>&nbsp;<\/p>\n<p>[\/et_pb_slide][et_pb_slide use_bg_overlay=&#8220;off&#8220; use_text_overlay=&#8220;off&#8220; background_layout=&#8220;light&#8220; _builder_version=&#8220;3.0.89&#8243; header_text_color=&#8220;#000000&#8243; header_text_shadow_style=&#8220;preset1&#8243; background_image=&#8220;https:\/\/bingiateris.com\/wp-content\/uploads\/2017\/12\/Territorio2_paese.jpg&#8220; background_position=&#8220;center&#8220; text_shadow_style=&#8220;preset1&#8243; use_background_color_gradient=&#8220;off&#8220; background_color_gradient_start=&#8220;#2b87da&#8220; background_color_gradient_end=&#8220;#29c4a9&#8243; background_color_gradient_type=&#8220;linear&#8220; background_color_gradient_direction=&#8220;180deg&#8220; background_color_gradient_direction_radial=&#8220;center&#8220; background_color_gradient_start_position=&#8220;0%&#8220; background_color_gradient_end_position=&#8220;100%&#8220; background_color_gradient_overlays_image=&#8220;off&#8220; parallax=&#8220;off&#8220; parallax_method=&#8220;on&#8220; background_size=&#8220;cover&#8220; background_repeat=&#8220;no-repeat&#8220; background_blend=&#8220;normal&#8220; allow_player_pause=&#8220;off&#8220; text_border_radius=&#8220;3&#8243; alignment=&#8220;center&#8220; text_shadow_horizontal_length=&#8220;0em&#8220; text_shadow_vertical_length=&#8220;0.1em&#8220; text_shadow_blur_strength=&#8220;0.1em&#8220; header_text_shadow_horizontal_length=&#8220;0em&#8220; header_text_shadow_vertical_length=&#8220;0.1em&#8220; header_text_shadow_blur_strength=&#8220;0.1em&#8220;]<\/p>\n<p>&nbsp;<\/p>\n<p><img loading=\"lazy\" decoding=\"async\" class=\"alignnone size-full wp-image-106\" src=\"https:\/\/bingiateris.com\/wp-content\/uploads\/2017\/11\/trasparente00x100.png\" alt=\"\" width=\"100\" height=\"100\" \/><\/p>\n<p>&nbsp;<\/p>\n<p>[\/et_pb_slide][et_pb_slide use_bg_overlay=&#8220;off&#8220; use_text_overlay=&#8220;off&#8220; background_layout=&#8220;light&#8220; _builder_version=&#8220;3.0.89&#8243; header_text_color=&#8220;#000000&#8243; header_text_shadow_style=&#8220;preset1&#8243; background_image=&#8220;https:\/\/bingiateris.com\/wp-content\/uploads\/2017\/12\/Territorio3_vigne.jpg&#8220; background_position=&#8220;center&#8220; text_shadow_style=&#8220;preset1&#8243; image=&#8220;https:\/\/bingiateris.com\/wp-content\/uploads\/2017\/11\/trasparente00x100.png&#8220; use_background_color_gradient=&#8220;off&#8220; background_color_gradient_start=&#8220;#2b87da&#8220; background_color_gradient_end=&#8220;#29c4a9&#8243; background_color_gradient_type=&#8220;linear&#8220; background_color_gradient_direction=&#8220;180deg&#8220; background_color_gradient_direction_radial=&#8220;center&#8220; background_color_gradient_start_position=&#8220;0%&#8220; background_color_gradient_end_position=&#8220;100%&#8220; background_color_gradient_overlays_image=&#8220;off&#8220; parallax=&#8220;off&#8220; parallax_method=&#8220;on&#8220; background_size=&#8220;cover&#8220; background_repeat=&#8220;no-repeat&#8220; background_blend=&#8220;normal&#8220; allow_player_pause=&#8220;off&#8220; text_border_radius=&#8220;3&#8243; alignment=&#8220;center&#8220; text_shadow_horizontal_length=&#8220;0em&#8220; text_shadow_vertical_length=&#8220;0.1em&#8220; text_shadow_blur_strength=&#8220;0.1em&#8220; header_text_shadow_horizontal_length=&#8220;0em&#8220; header_text_shadow_vertical_length=&#8220;0.1em&#8220; header_text_shadow_blur_strength=&#8220;0.1em&#8220;]<\/p>\n<p>&nbsp;<\/p>\n<p>&nbsp;<\/p>\n<p><img loading=\"lazy\" decoding=\"async\" class=\"alignnone size-full wp-image-106\" src=\"https:\/\/bingiateris.com\/wp-content\/uploads\/2017\/11\/trasparente00x100.png\" alt=\"\" width=\"100\" height=\"100\" \/><\/p>\n<p>&nbsp;<\/p>\n<p>&nbsp;<\/p>\n<p>[\/et_pb_slide][et_pb_slide use_bg_overlay=&#8220;off&#8220; use_text_overlay=&#8220;off&#8220; background_layout=&#8220;light&#8220; _builder_version=&#8220;3.0.89&#8243; header_text_color=&#8220;#000000&#8243; header_text_shadow_style=&#8220;preset1&#8243; background_image=&#8220;https:\/\/bingiateris.com\/wp-content\/uploads\/2017\/12\/Territorio4_paese.jpg&#8220; background_position=&#8220;top_center&#8220; text_shadow_style=&#8220;preset1&#8243; use_background_color_gradient=&#8220;off&#8220; background_color_gradient_start=&#8220;#2b87da&#8220; background_color_gradient_end=&#8220;#29c4a9&#8243; background_color_gradient_type=&#8220;linear&#8220; background_color_gradient_direction=&#8220;180deg&#8220; background_color_gradient_direction_radial=&#8220;center&#8220; background_color_gradient_start_position=&#8220;0%&#8220; background_color_gradient_end_position=&#8220;100%&#8220; background_color_gradient_overlays_image=&#8220;off&#8220; parallax=&#8220;off&#8220; parallax_method=&#8220;on&#8220; background_size=&#8220;cover&#8220; background_repeat=&#8220;no-repeat&#8220; background_blend=&#8220;normal&#8220; allow_player_pause=&#8220;off&#8220; text_border_radius=&#8220;3&#8243; alignment=&#8220;center&#8220; text_shadow_horizontal_length=&#8220;0em&#8220; text_shadow_vertical_length=&#8220;0.1em&#8220; text_shadow_blur_strength=&#8220;0.1em&#8220; header_text_shadow_horizontal_length=&#8220;0em&#8220; header_text_shadow_vertical_length=&#8220;0.1em&#8220; header_text_shadow_blur_strength=&#8220;0.1em&#8220;]<\/p>\n<p>&nbsp;<\/p>\n<p>&nbsp;<\/p>\n<p><img loading=\"lazy\" decoding=\"async\" class=\"alignnone size-full wp-image-106\" src=\"https:\/\/bingiateris.com\/wp-content\/uploads\/2017\/11\/trasparente00x100.png\" alt=\"\" width=\"100\" height=\"100\" \/><\/p>\n<p>&nbsp;<\/p>\n<p>[\/et_pb_slide]<\/p>\n<p>[\/et_pb_fullwidth_slider][\/et_pb_section][et_pb_section bb_built=&#8220;1&#8243; background_color=&#8220;#bcbdc0&#8243; _builder_version=&#8220;3.0.89&#8243; custom_padding=&#8220;54px|0px|0px|0px&#8220; background_image=&#8220;https:\/\/bingiateris.com\/wp-content\/uploads\/2017\/12\/texture_bingiateris.png&#8220;][et_pb_row make_fullwidth=&#8220;on&#8220; _builder_version=&#8220;3.0.89&#8243;][et_pb_column type=&#8220;1_2&#8243;][et_pb_text _builder_version=&#8220;3.0.89&#8243; background_layout=&#8220;light&#8220;]<\/p>\n<h4><strong>Ortueri, Mandrolisai<\/strong>.<\/h4>\n<p>Ortueri ist ein kleines Dorf im Mandrolisai, mitten in Sardinien. Das Dorf hat seine starke Identit\u00e4t bis heute bewahrt. Bei einem Spaziergang durch die Stra\u00dfen der Altstadt sp\u00fcrt man den Zauber l\u00e4ngst vergangener Zeiten und auch die Landschaft und die Weinberge in der Umgebung lassen die Sch\u00f6nheit des Zentrums von Sardinien wieder aufleben. Hier spricht man noch den \u00f6rtlichen Dialekt und zahlreiche antike Traditionen sind bis heute erhalten geblieben, die durch ein neu entstandenes Bewusstsein wiederentdeckt und gesch\u00e4tzt werden.<\/p>\n<p>[\/et_pb_text][\/et_pb_column][et_pb_column type=&#8220;1_2&#8243;][et_pb_text _builder_version=&#8220;3.0.90&#8243; background_layout=&#8220;light&#8220;]<\/p>\n<h4><strong>Die Mandrolisai<\/strong>.<\/h4>\n<p>Die Mandrolisai ist eine der \u00e4ltesten Regionen Sardiniens. Sie befindet sich im Zentrum der Insel und umfasst die Gemeinden Atzara, Meana Sardo, Ortueri, Sorgnono und Tonara. In diesem, erst h\u00fcgeligem und dann bergigem Gebiet, befindet sich Punta La Marmora, der mit seinen 1.834 m der h\u00f6chste Gipfel des Gennargentu und ganz Sardiniens ist.<\/p>\n<p>Da der Weinbau hier Tradition hat, ist die Mandrolisai eines der geeignetsten Anbaugebiete f\u00fcr sardische Qualit\u00e4tsweine, die aus einer Kombination von Rebsorten wie Bovale, Cannonau, Monica und kleineren Prozents\u00e4tzen von mehreren autochthonen Rebsorten entstehen.<br \/>\nDer Boden in diesem Gebiet eignet sich ganz besonders gut f\u00fcr den Anbau von Bingiateris-Reben, da er aus verwittertem Granitsand besteht. Die Rebst\u00f6cke wachsen auf H\u00fcgeln in 600 m \u00fcber dem Meeresspiegel mit S\u00fcd-S\u00fcdost-Ausrichtung.<\/p>\n<p>[\/et_pb_text][\/et_pb_column][\/et_pb_row][\/et_pb_section][et_pb_section bb_built=&#8220;1&#8243; _builder_version=&#8220;3.0.89&#8243; background_image=&#8220;https:\/\/bingiateris.com\/wp-content\/uploads\/2017\/11\/texture.jpg&#8220; background_size=&#8220;initial&#8220; background_repeat=&#8220;repeat&#8220; custom_padding=&#8220;0px|0px|0px|0px&#8220;][et_pb_row make_fullwidth=&#8220;on&#8220; custom_width_px=&#8220;2600px&#8220; use_custom_gutter=&#8220;on&#8220; gutter_width=&#8220;1&#8243; custom_padding=&#8220;0px|0px|0px|0px&#8220; make_equal=&#8220;on&#8220; _builder_version=&#8220;3.0.89&#8243; background_image=&#8220;https:\/\/bingiateris.com\/wp-content\/uploads\/2017\/11\/texture.jpg&#8220; background_size=&#8220;initial&#8220; background_repeat=&#8220;repeat&#8220; module_alignment=&#8220;center&#8220;][et_pb_column type=&#8220;1_2&#8243;][et_pb_image src=&#8220;https:\/\/bingiateris.com\/wp-content\/uploads\/2017\/12\/territorio1_vigna-.jpg&#8220; _builder_version=&#8220;3.0.89&#8243; show_in_lightbox=&#8220;off&#8220; url_new_window=&#8220;off&#8220; use_overlay=&#8220;off&#8220; always_center_on_mobile=&#8220;on&#8220; force_fullwidth=&#8220;off&#8220; show_bottom_space=&#8220;on&#8220; \/][\/et_pb_column][et_pb_column type=&#8220;1_2&#8243;][et_pb_image src=&#8220;https:\/\/bingiateris.com\/wp-content\/uploads\/2017\/12\/territorio2_paese-.jpg&#8220; _builder_version=&#8220;3.0.89&#8243; show_in_lightbox=&#8220;off&#8220; url_new_window=&#8220;off&#8220; use_overlay=&#8220;off&#8220; always_center_on_mobile=&#8220;on&#8220; force_fullwidth=&#8220;off&#8220; show_bottom_space=&#8220;on&#8220; \/][\/et_pb_column][\/et_pb_row][\/et_pb_section][et_pb_section bb_built=&#8220;1&#8243; _builder_version=&#8220;3.0.89&#8243; background_image=&#8220;https:\/\/bingiateris.com\/wp-content\/uploads\/2017\/11\/texture.jpg&#8220; background_size=&#8220;initial&#8220; background_repeat=&#8220;repeat&#8220; custom_padding=&#8220;0px|0px|0px|0px&#8220;][et_pb_row make_fullwidth=&#8220;on&#8220; gutter_width=&#8220;1&#8243; custom_padding=&#8220;0px|0px|0px|0px&#8220; make_equal=&#8220;on&#8220; _builder_version=&#8220;3.0.89&#8243; background_image=&#8220;https:\/\/bingiateris.com\/wp-content\/uploads\/2017\/11\/texture.jpg&#8220; background_size=&#8220;initial&#8220; background_repeat=&#8220;repeat&#8220; module_alignment=&#8220;center&#8220; custom_width_px=&#8220;2600px&#8220; use_custom_gutter=&#8220;on&#8220;][et_pb_column type=&#8220;1_2&#8243;][et_pb_image src=&#8220;https:\/\/bingiateris.com\/wp-content\/uploads\/2017\/12\/territorio3_paese-.jpg&#8220; _builder_version=&#8220;3.0.89&#8243; show_in_lightbox=&#8220;off&#8220; url_new_window=&#8220;off&#8220; use_overlay=&#8220;off&#8220; always_center_on_mobile=&#8220;on&#8220; force_fullwidth=&#8220;off&#8220; show_bottom_space=&#8220;on&#8220; \/][\/et_pb_column][et_pb_column type=&#8220;1_2&#8243;][et_pb_image src=&#8220;https:\/\/bingiateris.com\/wp-content\/uploads\/2017\/12\/territorio4-.jpg&#8220; _builder_version=&#8220;3.0.89&#8243; show_in_lightbox=&#8220;off&#8220; url_new_window=&#8220;off&#8220; use_overlay=&#8220;off&#8220; always_center_on_mobile=&#8220;on&#8220; force_fullwidth=&#8220;off&#8220; show_bottom_space=&#8220;on&#8220; \/][\/et_pb_column][\/et_pb_row][\/et_pb_section]<\/p>\n","protected":false},"excerpt":{"rendered":"<p>&nbsp; &nbsp; &nbsp; &nbsp; &nbsp; &nbsp; &nbsp; &nbsp; &nbsp; &nbsp; &nbsp; &nbsp; Ortueri, Mandrolisai. Ortueri ist ein kleines Dorf im Mandrolisai, mitten in Sardinien. Das Dorf hat seine starke Identit\u00e4t bis heute bewahrt. Bei einem Spaziergang durch die Stra\u00dfen der Altstadt sp\u00fcrt man den Zauber l\u00e4ngst vergangener Zeiten und auch die Landschaft und die Weinberge [&hellip;]<\/p>\n","protected":false},"author":1,"featured_media":409,"parent":0,"menu_order":0,"comment_status":"closed","ping_status":"closed","template":"","meta":{"_et_pb_use_builder":"on","_et_pb_old_content":"","_et_gb_content_width":"","footnotes":""},"class_list":["post-441","page","type-page","status-publish","has-post-thumbnail","hentry"],"yoast_head":"<!-- This site is optimized with the Yoast SEO plugin v27.4 - https:\/\/yoast.com\/product\/yoast-seo-wordpress\/ -->\n<title>Die Landschaft - Bingianteris<\/title>\n<meta name=\"robots\" content=\"index, follow, max-snippet:-1, max-image-preview:large, max-video-preview:-1\" \/>\n<link rel=\"canonical\" href=\"https:\/\/www.bingiateris.com\/de\/die-landschaft\/\" \/>\n<meta property=\"og:locale\" content=\"de_DE\" \/>\n<meta property=\"og:type\" content=\"article\" \/>\n<meta property=\"og:title\" content=\"Die Landschaft - Bingianteris\" \/>\n<meta property=\"og:description\" content=\"&nbsp; &nbsp; &nbsp; &nbsp; &nbsp; &nbsp; &nbsp; &nbsp; &nbsp; &nbsp; &nbsp; &nbsp; Ortueri, Mandrolisai. Ortueri ist ein kleines Dorf im Mandrolisai, mitten in Sardinien. Das Dorf hat seine starke Identit\u00e4t bis heute bewahrt. Bei einem Spaziergang durch die Stra\u00dfen der Altstadt sp\u00fcrt man den Zauber l\u00e4ngst vergangener Zeiten und auch die Landschaft und die Weinberge [&hellip;]\" \/>\n<meta property=\"og:url\" content=\"https:\/\/www.bingiateris.com\/de\/die-landschaft\/\" \/>\n<meta property=\"og:site_name\" content=\"Bingianteris\" \/>\n<meta property=\"article:modified_time\" content=\"2017-12-02T17:22:08+00:00\" \/>\n<meta property=\"og:image\" content=\"https:\/\/www.bingiateris.com\/wp-content\/uploads\/2017\/12\/territorio1_vigna-.jpg\" \/>\n\t<meta property=\"og:image:width\" content=\"962\" \/>\n\t<meta property=\"og:image:height\" content=\"480\" \/>\n\t<meta property=\"og:image:type\" content=\"image\/jpeg\" \/>\n<meta name=\"twitter:card\" content=\"summary_large_image\" \/>\n<meta name=\"twitter:label1\" content=\"Gesch\u00e4tzte Lesezeit\" \/>\n\t<meta name=\"twitter:data1\" content=\"7\u00a0Minuten\" \/>\n<script type=\"application\/ld+json\" class=\"yoast-schema-graph\">{\"@context\":\"https:\\\/\\\/schema.org\",\"@graph\":[{\"@type\":\"WebPage\",\"@id\":\"https:\\\/\\\/www.bingiateris.com\\\/de\\\/die-landschaft\\\/\",\"url\":\"https:\\\/\\\/www.bingiateris.com\\\/de\\\/die-landschaft\\\/\",\"name\":\"Die Landschaft - Bingianteris\",\"isPartOf\":{\"@id\":\"https:\\\/\\\/www.bingiateris.com\\\/#website\"},\"primaryImageOfPage\":{\"@id\":\"https:\\\/\\\/www.bingiateris.com\\\/de\\\/die-landschaft\\\/#primaryimage\"},\"image\":{\"@id\":\"https:\\\/\\\/www.bingiateris.com\\\/de\\\/die-landschaft\\\/#primaryimage\"},\"thumbnailUrl\":\"https:\\\/\\\/www.bingiateris.com\\\/wp-content\\\/uploads\\\/2017\\\/12\\\/territorio1_vigna-.jpg\",\"datePublished\":\"2017-11-29T10:09:35+00:00\",\"dateModified\":\"2017-12-02T17:22:08+00:00\",\"breadcrumb\":{\"@id\":\"https:\\\/\\\/www.bingiateris.com\\\/de\\\/die-landschaft\\\/#breadcrumb\"},\"inLanguage\":\"de\",\"potentialAction\":[{\"@type\":\"ReadAction\",\"target\":[\"https:\\\/\\\/www.bingiateris.com\\\/de\\\/die-landschaft\\\/\"]}]},{\"@type\":\"ImageObject\",\"inLanguage\":\"de\",\"@id\":\"https:\\\/\\\/www.bingiateris.com\\\/de\\\/die-landschaft\\\/#primaryimage\",\"url\":\"https:\\\/\\\/www.bingiateris.com\\\/wp-content\\\/uploads\\\/2017\\\/12\\\/territorio1_vigna-.jpg\",\"contentUrl\":\"https:\\\/\\\/www.bingiateris.com\\\/wp-content\\\/uploads\\\/2017\\\/12\\\/territorio1_vigna-.jpg\",\"width\":962,\"height\":480},{\"@type\":\"BreadcrumbList\",\"@id\":\"https:\\\/\\\/www.bingiateris.com\\\/de\\\/die-landschaft\\\/#breadcrumb\",\"itemListElement\":[{\"@type\":\"ListItem\",\"position\":1,\"name\":\"Home\",\"item\":\"http:\\\/\\\/www.bingiateris.com\\\/de\\\/\"},{\"@type\":\"ListItem\",\"position\":2,\"name\":\"Die Landschaft\"}]},{\"@type\":\"WebSite\",\"@id\":\"https:\\\/\\\/www.bingiateris.com\\\/#website\",\"url\":\"https:\\\/\\\/www.bingiateris.com\\\/\",\"name\":\"Bingianteris\",\"description\":\"Alla ricerca del vino dei vini\",\"potentialAction\":[{\"@type\":\"SearchAction\",\"target\":{\"@type\":\"EntryPoint\",\"urlTemplate\":\"https:\\\/\\\/www.bingiateris.com\\\/?s={search_term_string}\"},\"query-input\":{\"@type\":\"PropertyValueSpecification\",\"valueRequired\":true,\"valueName\":\"search_term_string\"}}],\"inLanguage\":\"de\"}]}<\/script>\n<!-- \/ Yoast SEO plugin. -->","yoast_head_json":{"title":"Die Landschaft - Bingianteris","robots":{"index":"index","follow":"follow","max-snippet":"max-snippet:-1","max-image-preview":"max-image-preview:large","max-video-preview":"max-video-preview:-1"},"canonical":"https:\/\/www.bingiateris.com\/de\/die-landschaft\/","og_locale":"de_DE","og_type":"article","og_title":"Die Landschaft - Bingianteris","og_description":"&nbsp; &nbsp; &nbsp; &nbsp; &nbsp; &nbsp; &nbsp; &nbsp; &nbsp; &nbsp; &nbsp; &nbsp; Ortueri, Mandrolisai. Ortueri ist ein kleines Dorf im Mandrolisai, mitten in Sardinien. Das Dorf hat seine starke Identit\u00e4t bis heute bewahrt. Bei einem Spaziergang durch die Stra\u00dfen der Altstadt sp\u00fcrt man den Zauber l\u00e4ngst vergangener Zeiten und auch die Landschaft und die Weinberge [&hellip;]","og_url":"https:\/\/www.bingiateris.com\/de\/die-landschaft\/","og_site_name":"Bingianteris","article_modified_time":"2017-12-02T17:22:08+00:00","og_image":[{"width":962,"height":480,"url":"https:\/\/www.bingiateris.com\/wp-content\/uploads\/2017\/12\/territorio1_vigna-.jpg","type":"image\/jpeg"}],"twitter_card":"summary_large_image","twitter_misc":{"Gesch\u00e4tzte Lesezeit":"7\u00a0Minuten"},"schema":{"@context":"https:\/\/schema.org","@graph":[{"@type":"WebPage","@id":"https:\/\/www.bingiateris.com\/de\/die-landschaft\/","url":"https:\/\/www.bingiateris.com\/de\/die-landschaft\/","name":"Die Landschaft - Bingianteris","isPartOf":{"@id":"https:\/\/www.bingiateris.com\/#website"},"primaryImageOfPage":{"@id":"https:\/\/www.bingiateris.com\/de\/die-landschaft\/#primaryimage"},"image":{"@id":"https:\/\/www.bingiateris.com\/de\/die-landschaft\/#primaryimage"},"thumbnailUrl":"https:\/\/www.bingiateris.com\/wp-content\/uploads\/2017\/12\/territorio1_vigna-.jpg","datePublished":"2017-11-29T10:09:35+00:00","dateModified":"2017-12-02T17:22:08+00:00","breadcrumb":{"@id":"https:\/\/www.bingiateris.com\/de\/die-landschaft\/#breadcrumb"},"inLanguage":"de","potentialAction":[{"@type":"ReadAction","target":["https:\/\/www.bingiateris.com\/de\/die-landschaft\/"]}]},{"@type":"ImageObject","inLanguage":"de","@id":"https:\/\/www.bingiateris.com\/de\/die-landschaft\/#primaryimage","url":"https:\/\/www.bingiateris.com\/wp-content\/uploads\/2017\/12\/territorio1_vigna-.jpg","contentUrl":"https:\/\/www.bingiateris.com\/wp-content\/uploads\/2017\/12\/territorio1_vigna-.jpg","width":962,"height":480},{"@type":"BreadcrumbList","@id":"https:\/\/www.bingiateris.com\/de\/die-landschaft\/#breadcrumb","itemListElement":[{"@type":"ListItem","position":1,"name":"Home","item":"http:\/\/www.bingiateris.com\/de\/"},{"@type":"ListItem","position":2,"name":"Die Landschaft"}]},{"@type":"WebSite","@id":"https:\/\/www.bingiateris.com\/#website","url":"https:\/\/www.bingiateris.com\/","name":"Bingianteris","description":"Alla ricerca del vino dei vini","potentialAction":[{"@type":"SearchAction","target":{"@type":"EntryPoint","urlTemplate":"https:\/\/www.bingiateris.com\/?s={search_term_string}"},"query-input":{"@type":"PropertyValueSpecification","valueRequired":true,"valueName":"search_term_string"}}],"inLanguage":"de"}]}},"_links":{"self":[{"href":"https:\/\/www.bingiateris.com\/de\/wp-json\/wp\/v2\/pages\/441","targetHints":{"allow":["GET"]}}],"collection":[{"href":"https:\/\/www.bingiateris.com\/de\/wp-json\/wp\/v2\/pages"}],"about":[{"href":"https:\/\/www.bingiateris.com\/de\/wp-json\/wp\/v2\/types\/page"}],"author":[{"embeddable":true,"href":"https:\/\/www.bingiateris.com\/de\/wp-json\/wp\/v2\/users\/1"}],"replies":[{"embeddable":true,"href":"https:\/\/www.bingiateris.com\/de\/wp-json\/wp\/v2\/comments?post=441"}],"version-history":[{"count":11,"href":"https:\/\/www.bingiateris.com\/de\/wp-json\/wp\/v2\/pages\/441\/revisions"}],"predecessor-version":[{"id":501,"href":"https:\/\/www.bingiateris.com\/de\/wp-json\/wp\/v2\/pages\/441\/revisions\/501"}],"wp:featuredmedia":[{"embeddable":true,"href":"https:\/\/www.bingiateris.com\/de\/wp-json\/wp\/v2\/media\/409"}],"wp:attachment":[{"href":"https:\/\/www.bingiateris.com\/de\/wp-json\/wp\/v2\/media?parent=441"}],"curies":[{"name":"wp","href":"https:\/\/api.w.org\/{rel}","templated":true}]}}